{"id":36,"date":"2021-01-06T14:23:05","date_gmt":"2021-01-06T12:23:05","guid":{"rendered":"http:\/\/wordpress.p563605.webspaceconfig.de\/?page_id=36"},"modified":"2023-09-07T15:33:43","modified_gmt":"2023-09-07T13:33:43","slug":"startseite","status":"publish","type":"page","link":"https:\/\/hytteferie.eu\/de\/","title":{"rendered":"H\u00fcttenferien"},"content":{"rendered":"<div class=\"n2-section-smartslider fitvidsignore  n2_clear\" data-ssid=\"8\"><div id=\"n2-ss-8-align\" class=\"n2-ss-align\"><div class=\"n2-padding\"><div id=\"n2-ss-8\" data-creator=\"Smart Slider 3\" data-responsive=\"auto\" class=\"n2-ss-slider n2-ow n2-has-hover n2notransition  \">\n        <div class=\"n2-ss-slider-1 n2-ow\">\n            <div class=\"n2-ss-slider-2 n2-ow\">\n                <div class=\"n2-ss-slide-backgrounds n2-ow-all\"><div class=\"n2-ss-slide-background\" data-public-id=\"1\" data-mode=\"fit\"><div class=\"n2-ss-slide-background-image\" data-blur=\"0\" data-opacity=\"100\" data-x=\"49\" data-y=\"0\" data-alt=\"\" data-title=\"\" style=\"--ss-o-pos-x:49%;--ss-o-pos-y:0%\"><picture class=\"skip-lazy\" data-skip-lazy=\"1\"><img decoding=\"async\" src=\"\/\/hytteferie.eu\/wp-content\/uploads\/2022\/07\/IMG_1008-scaled.jpg\" alt=\"\" title=\"\" loading=\"lazy\" class=\"skip-lazy\" data-skip-lazy=\"1\"><\/picture><\/div><div data-color=\"RGBA(255,255,255,0)\" style=\"background-color: RGBA(255,255,255,0);\" class=\"n2-ss-slide-background-color\"><\/div><\/div><\/div>                <div class=\"n2-ss-slider-3 n2-ow\">\n                    <svg xmlns=\"http:\/\/www.w3.org\/2000\/svg\" viewBox=\"0 0 1200 600\" data-related-device=\"desktopPortrait\" class=\"n2-ow n2-ss-preserve-size n2-ss-preserve-size--slider n2-ss-slide-limiter\"><\/svg><div data-first=\"1\" data-slide-duration=\"0\" data-id=\"19\" data-slide-public-id=\"1\" data-title=\"IMG_1008\" class=\"n2-ss-slide n2-ow  n2-ss-slide-19\"><div role=\"note\" class=\"n2-ss-slide--focus\" tabindex=\"-1\">IMG_1008<\/div><div class=\"n2-ss-layers-container n2-ss-slide-limiter n2-ow\"><div class=\"n2-ss-layer n2-ow n-uc-m6q6TOnOwlaV\" data-sstype=\"slide\" data-pm=\"default\"><\/div><\/div><\/div>                <\/div>\n                            <\/div>\n        <\/div>\n        <\/div><ss3-loader><\/ss3-loader><\/div><\/div><div class=\"n2_clear\"><\/div><\/div>\n\n\n<p class=\"has-text-align-center\" style=\"font-size:19px\">Herzlich willkommen in unserem Ferienhaus am Seljord-See. <\/p>\n\n\n\n<p class=\"has-text-align-center has-vivid-red-color has-pale-cyan-blue-background-color has-text-color has-background\" style=\"font-size:16px\"><mark style=\"background-color:rgba(0, 0, 0, 0)\" class=\"has-inline-color has-vivid-red-color\">Diese Seite ist noch im Aufbau! Zur Zeit l\u00e4\u00dft sich noch keine Buchung \u00fcber die Buchungsseite vornehmen. Bei Buchungsanfragen senden Sie uns bitte <strong>mit Ihrem e-Mail-Programm <\/strong>und nicht \u00fcber das Kontaktformular hier eine e-Mail an <strong>post@hytteferie.eu <\/strong>.<\/mark> Eine <strong>Preis\u00fcbersicht<\/strong> finden Sie unter &#8222;<a href=\"https:\/\/hytteferie.eu\/de\/saison-und-preise\">Saison &#8211; Preise &#8211; Reservierung<\/a>&#8222;.<\/p>\n\n\n\n<p>Unser individuelles typisch norwegisches&nbsp; Ferienhaus, auf norwegisch kurz &#8218;Hytte&#8216; genannt, liegt auf einem der sch\u00f6nsten Gr\u00fcndstucke Telemarks mit direktem Zugang zum Seljord-See \u00fcber einen zum Grundst\u00fcck geh\u00f6renden Strandabschnitt. <\/p>\n\n\n\n<figure class=\"wp-block-gallery aligncenter has-nested-images columns-default is-cropped wp-block-gallery-1 is-layout-flex wp-block-gallery-is-layout-flex\">\n<figure class=\"wp-block-image size-large\"><img loading=\"lazy\" decoding=\"async\" width=\"1024\" height=\"678\" data-id=\"712\" src=\"http:\/\/wordpress.p563605.webspaceconfig.de\/wp-content\/uploads\/2020\/10\/K_54822_DxO-1024x678.jpg\" alt=\"\" class=\"wp-image-712\" srcset=\"https:\/\/hytteferie.eu\/wp-content\/uploads\/2020\/10\/K_54822_DxO-1024x678.jpg 1024w, https:\/\/hytteferie.eu\/wp-content\/uploads\/2020\/10\/K_54822_DxO-300x199.jpg 300w, https:\/\/hytteferie.eu\/wp-content\/uploads\/2020\/10\/K_54822_DxO-768x509.jpg 768w, https:\/\/hytteferie.eu\/wp-content\/uploads\/2020\/10\/K_54822_DxO-1536x1017.jpg 1536w, https:\/\/hytteferie.eu\/wp-content\/uploads\/2020\/10\/K_54822_DxO-2048x1356.jpg 2048w\" sizes=\"auto, (max-width: 1024px) 100vw, 1024px\" \/><\/figure>\n\n\n\n<figure class=\"wp-block-image size-large\"><img loading=\"lazy\" decoding=\"async\" width=\"1024\" height=\"683\" data-id=\"605\" src=\"http:\/\/wordpress.p563605.webspaceconfig.de\/wp-content\/uploads\/2020\/10\/K1_P0604_DxO_DxO-1024x683.jpg\" alt=\"\" class=\"wp-image-605\" srcset=\"https:\/\/hytteferie.eu\/wp-content\/uploads\/2020\/10\/K1_P0604_DxO_DxO-1024x683.jpg 1024w, https:\/\/hytteferie.eu\/wp-content\/uploads\/2020\/10\/K1_P0604_DxO_DxO-300x200.jpg 300w, https:\/\/hytteferie.eu\/wp-content\/uploads\/2020\/10\/K1_P0604_DxO_DxO-768x512.jpg 768w, https:\/\/hytteferie.eu\/wp-content\/uploads\/2020\/10\/K1_P0604_DxO_DxO-1536x1025.jpg 1536w, https:\/\/hytteferie.eu\/wp-content\/uploads\/2020\/10\/K1_P0604_DxO_DxO-2048x1367.jpg 2048w, https:\/\/hytteferie.eu\/wp-content\/uploads\/2020\/10\/K1_P0604_DxO_DxO-405x270.jpg 405w\" sizes=\"auto, (max-width: 1024px) 100vw, 1024px\" \/><\/figure>\n<\/figure>\n\n\n\n<p>F\u00fchlen Sie sich wie in einem nordischen Paradies; erholen Sie sich in sch\u00f6nster Natur auf einem ruhig gelegenen weit \u00fcber 3.000 qm gro\u00dfen Grundst\u00fcck.<\/p>\n\n\n\n<p>Genie\u00dfen Sie die Aussicht&nbsp; \u00fcber den See.<\/p>\n\n\n\n<p>Sonnen Sie sich auf der Terrasse oder am 27 Meter langen privaten Strand oder auf einer kleinen Holzterrasse (dem \u201eHochsitz\u201c) etwas oberhalb des Strandes unter gro\u00dfen Kiefern.<\/p>\n\n\n\n<p>Nutzen Sie die im Sommer \u00fcblichen Wassertemperaturen von \u00fcber 20 \u00b0C zum Baden im kristallklaren Seljord-See.<\/p>\n\n\n\n<figure class=\"wp-block-gallery aligncenter has-nested-images columns-default is-cropped wp-block-gallery-2 is-layout-flex wp-block-gallery-is-layout-flex\">\n<figure class=\"wp-block-image size-large\"><img loading=\"lazy\" decoding=\"async\" width=\"1024\" height=\"678\" data-id=\"664\" src=\"http:\/\/wordpress.p563605.webspaceconfig.de\/wp-content\/uploads\/2020\/10\/K_5_4402-1024x678.jpg\" alt=\"\" class=\"wp-image-664\" srcset=\"https:\/\/hytteferie.eu\/wp-content\/uploads\/2020\/10\/K_5_4402-1024x678.jpg 1024w, https:\/\/hytteferie.eu\/wp-content\/uploads\/2020\/10\/K_5_4402-300x199.jpg 300w, https:\/\/hytteferie.eu\/wp-content\/uploads\/2020\/10\/K_5_4402-768x509.jpg 768w, https:\/\/hytteferie.eu\/wp-content\/uploads\/2020\/10\/K_5_4402-1536x1017.jpg 1536w, https:\/\/hytteferie.eu\/wp-content\/uploads\/2020\/10\/K_5_4402-2048x1356.jpg 2048w\" sizes=\"auto, (max-width: 1024px) 100vw, 1024px\" \/><\/figure>\n\n\n\n<figure class=\"wp-block-image size-large\"><img loading=\"lazy\" decoding=\"async\" width=\"1024\" height=\"678\" data-id=\"692\" src=\"http:\/\/wordpress.p563605.webspaceconfig.de\/wp-content\/uploads\/2020\/10\/K_5_4393-1024x678.jpg\" alt=\"Parte 3\" class=\"wp-image-692\" srcset=\"https:\/\/hytteferie.eu\/wp-content\/uploads\/2020\/10\/K_5_4393-1024x678.jpg 1024w, https:\/\/hytteferie.eu\/wp-content\/uploads\/2020\/10\/K_5_4393-300x199.jpg 300w, https:\/\/hytteferie.eu\/wp-content\/uploads\/2020\/10\/K_5_4393-768x509.jpg 768w, https:\/\/hytteferie.eu\/wp-content\/uploads\/2020\/10\/K_5_4393-1536x1017.jpg 1536w, https:\/\/hytteferie.eu\/wp-content\/uploads\/2020\/10\/K_5_4393-2048x1356.jpg 2048w\" sizes=\"auto, (max-width: 1024px) 100vw, 1024px\" \/><\/figure>\n<\/figure>\n\n\n\n<h2 class=\"wp-block-heading\">Die Lage<\/h2>\n\n\n\n<p>Unsere \u2018Hytte\u2019 liegt zentral in Telemark in ca. 3 km Entfernung von der Gemeinde Seljord und an der Kreuzung der Europastra\u00dfe 134 und des Riksvej (Reichsstra\u00dfe) 36 auf der idyllischen, ca. 500 m durchmessenden Halbinsel Sinnesodden mit gro\u00dfz\u00fcgigen Natur-Grundst\u00fccken und urspr\u00fcnglichem Baumbestand.<\/p>\n\n\n\n<p>Schon bei der Anfahrt auf das Grundst\u00fcck werden Sie von einem herrlichen Blick in s\u00fcd\u00f6stlicher Richtung \u00fcber den mehr als 15 km langen Seljord-See (Seljordvatn) beeindruckt.<\/p>\n\n\n\n<p>Um eine gute \u00dcbersicht \u00fcber die Umgebung zu bekommen klicken Sie <a href=\"https:\/\/maps.google.com\/maps?ll=59.473166,8.665826&amp;z=15&amp;t=h&amp;hl=de-DE&amp;gl=DE&amp;mapclient=embed&amp;cid=13907721750444691723\" target=\"_blank\" rel=\"noreferrer noopener nofollow\">Karte ansehen<\/a> , k\u00f6nnen Sie die Umgebung erkunden. Au\u00dferdem k\u00f6nnen Sie die Route zu unserem Ferienhaus in der Sektion Kontakt abfragen.<\/p>\n","protected":false},"excerpt":{"rendered":"<p>Herzlich willkommen in unserem Ferienhaus am Seljord-See. Diese Seite ist noch im Aufbau! Zur Zeit [&hellip;]<\/p>\n","protected":false},"author":6,"featured_media":0,"parent":0,"menu_order":0,"comment_status":"open","ping_status":"closed","template":"","meta":{"footnotes":""},"class_list":["post-36","page","type-page","status-publish","hentry"],"translation":{"provider":"WPGlobus","version":"3.0.0","language":"de","enabled_languages":["no","de","gb","pl"],"languages":{"no":{"title":true,"content":true,"excerpt":false},"de":{"title":true,"content":true,"excerpt":false},"gb":{"title":true,"content":true,"excerpt":false},"pl":{"title":false,"content":false,"excerpt":false}}},"_links":{"self":[{"href":"https:\/\/hytteferie.eu\/de\/wp-json\/wp\/v2\/pages\/36","targetHints":{"allow":["GET"]}}],"collection":[{"href":"https:\/\/hytteferie.eu\/de\/wp-json\/wp\/v2\/pages"}],"about":[{"href":"https:\/\/hytteferie.eu\/de\/wp-json\/wp\/v2\/types\/page"}],"author":[{"embeddable":true,"href":"https:\/\/hytteferie.eu\/de\/wp-json\/wp\/v2\/users\/6"}],"replies":[{"embeddable":true,"href":"https:\/\/hytteferie.eu\/de\/wp-json\/wp\/v2\/comments?post=36"}],"version-history":[{"count":111,"href":"https:\/\/hytteferie.eu\/de\/wp-json\/wp\/v2\/pages\/36\/revisions"}],"predecessor-version":[{"id":1483,"href":"https:\/\/hytteferie.eu\/de\/wp-json\/wp\/v2\/pages\/36\/revisions\/1483"}],"wp:attachment":[{"href":"https:\/\/hytteferie.eu\/de\/wp-json\/wp\/v2\/media?parent=36"}],"curies":[{"name":"wp","href":"https:\/\/api.w.org\/{rel}","templated":true}]}}