{"id":761,"date":"2020-10-22T20:43:05","date_gmt":"2020-10-22T20:43:05","guid":{"rendered":"http:\/\/wordpress.p563605.webspaceconfig.de\/?page_id=761"},"modified":"2022-08-07T13:48:24","modified_gmt":"2022-08-07T11:48:24","slug":"fahrradtouren","status":"publish","type":"page","link":"https:\/\/hytteferie.eu\/de\/fahrradtouren\/","title":{"rendered":"Fahrradtouren"},"content":{"rendered":"\n<h2 class=\"wp-block-heading\">Kivlem\u00f8ruta<\/h2>\n\n\n\n<p id=\"block-4ef6f83b-1fc4-4239-b3c4-f078a70dfdbf\">Die relativ kleine Gemeinde Seljord liegt im Westen von Telemark, umgeben von Bergen und wundersch\u00f6ner Natur.&nbsp;F\u00fcr Naturinteressierte bietet der Ort Badestr\u00e4nde und Wandergebiete in W\u00e4ldern und Bergen.<\/p>\n\n\n\n<p id=\"block-98b8a28d-edc2-4d22-ab37-8df30d00ebd3\"><strong>Kivledalen mit Hanakamjuvet<\/strong>&nbsp;Die Reise beginnt im Zentrum von Seljord und f\u00fchrt in Richtung \u00c5sgrend auf der Westseite von Kivledalen.&nbsp;Die Stra\u00dfe ist asphaltiert, auf der anderen Talseite gibt es Schotter.&nbsp;Sie radeln am Kivlem\u00f8yane vorbei, auf dem sich eine Bank befindet, auf der Sie sich ausruhen k\u00f6nnen.<\/p>\n\n\n\n<p id=\"block-a0aa9f97-8220-49c6-937f-e5d2f7555a3e\"><strong>Kivlem\u00f8yane<\/strong>&nbsp;Acht skulpturale &#8222;Sichtschr\u00e4nke&#8220; aus Stein ragen in der Landschaft an Orten hervor, die mit ausgew\u00e4hlten Geschichten \u00fcber lokale weibliche Figuren verbunden sind.&nbsp;Allen gemeinsam ist, dass Geigenmelodien mit den Geschichten verbunden sind.&nbsp;Acht K\u00fcnstler haben ihre Interpretationen dieser Erz\u00e4hlungen vermittelt;&nbsp;Gonil Dale, Guro Lomodden, Kivlem\u00f8yane, Gurp Heddeli, T\u00e5r\u00e5n und Troppin, Glima und Rupedalar, Ljose-Signe und Bindingsnuten und Skuldalsbruri.&nbsp;An allen Orten gibt es eine Bank, auf die man sich Menschen setzen kann, um ein anderes Kunsterlebnis in der &#8222;Sagenlandschaft&#8220; zu genie\u00dfen.&nbsp;Um eine kurze Version der Geschichte \u00fcber Kivlem\u00f8yane zu h\u00f6ren, k\u00f6nnen Sie &#8222;Das Sagenmobil&#8220; anrufen unter: +47 3519 7623. W\u00e4hlen Sie 34, um Jon Svartdal zu h\u00f6ren.<\/p>\n\n\n\n<p id=\"block-6c1c0f34-fd09-4fce-ad1f-85fe0e933995\"><strong>Hanakamjuvet<\/strong>&nbsp;Hanakamjuvet liegt wundersch\u00f6n hoch oben in Kivledalen und ist eine sch\u00f6ne Bonusreise f\u00fcr diejenigen, die Mountainbikes fahren.&nbsp;Hier ist es ungleichm\u00e4\u00dfig mit teilweise gro\u00dfen Steinen bedeckt.&nbsp;Bei sch\u00f6nem Wetter haben Sie einen guten Blick auf Seljord und Seljordsvatnet, wo Sj\u00f8ormen lebt.&nbsp;Unterwegs k\u00f6nnen Sie Wasserf\u00e4lle, historische St\u00e4tten, Schluchten und gute Aussichtspunkte erleben.&nbsp;Um einen sch\u00f6nen Kreisverkehr zu erhalten, biegen Sie rechts ab, wenn Sie auf die Stra\u00dfe treffen, und folgen Sie dieser bis zum Parkplatz.<\/p>\n\n\n\n<p id=\"block-3dea98d2-25b1-4714-82d2-77afd99ecbf1\">Auf dem Weg nach unten sehen Sie alte Bauernh\u00f6fe und H\u00fctten mit einer absolut fantastischen Aussicht.&nbsp;Nehmen Sie sich Zeit, um es zu genie\u00dfen.<\/p>\n\n\n\n<p id=\"block-1494022f-cc0e-4a17-991a-52a295a6f2ed\">Ganz unten bei der Kirche befinden sich der Sterke-Nils-Stein und das Landstad-Denkmal.<\/p>\n\n\n\n<p id=\"block-99b293ea-e504-46c5-9b9c-abebe82e6ba3\"><strong>Sterke-Nils<\/strong>&nbsp;Nils Olavsson Langedal, genannt Sterke-Nils (geboren um 1720 am Rulleteig in Brunkeberg in Kviteseid in Telemark, gestorben um das Jahr 1800) und war ein starker Mann, \u00fcber den es mehrere Legenden gibt.&nbsp;Er lebte Teile seines Lebens in Seljord (Seljordshei) und Kviteseid.&nbsp;Sterke-Nils war bekannt als der Riese aus Seljord, der in Pferdemilch abgef\u00fcllt und &#8222;schrecklich stark&#8220; war.&nbsp;Sterke-Nils soll den 570 Kilo schweren Stein der Seljordkirche gehoben haben.&nbsp;Der &#8222;Prise Lifting Stone&#8220; (75 kg), den er in der &#8222;Prise&#8220;, dh der Faust, hob.<\/p>\n\n\n\n<p id=\"block-66d657c2-5da6-4703-9cd9-199f7412f4b0\"><strong>Landstad Momument<\/strong>&nbsp;Magnus Brostrup Landstad, Dichterpriester und Volksliedsammler&nbsp;,&nbsp;der besonders daf\u00fcr bekannt ist,&nbsp;norwegische Volkslieder&nbsp;und&nbsp;Kyrkjesalmebok ver\u00f6ffentlicht zu haben&nbsp;.&nbsp;Er wollte die Entwicklung einer neuen norwegischen Sprache im 19. Jahrhundert vorstellen und beriet sich in dieser Frage mit Ivar Aasen.&nbsp;In der Seljordkirche wurde ein Denkmal von Anne Grimdalen errichtet, und Kronprinz Olav hielt 1951 bei der Enth\u00fcllung eine Rede. Eine Kantate mit dem Titel &#8222;Sie sind auf dem Weg zum norwegischen Volk&#8220; wurde aufgef\u00fchrt.<\/p>\n\n\n\n<p id=\"block-d6421ba1-a9f6-46cf-aa42-531f8ca87738\"><strong>Seljordkirche <\/strong>Die&nbsp;Seljordkirche ist im Sommer ge\u00f6ffnet und es ist m\u00f6glich, w\u00e4hrend der \u00d6ffnungszeiten eine F\u00fchrung zu erhalten.&nbsp;Die Seljordkirche ist eine Steinkirche, die Olav dem Heiligen gewidmet ist.&nbsp;In der nordwestlichen Ecke wurde ein Gesicht herausgeschnitten, das laut einer Geschichte der &#8222;heilige K\u00f6nig&#8220; sein soll.&nbsp;Eine andere Geschichte besagt, dass die Kirche von einem &#8222;Sto\u00dfzahn&#8220; gebaut wurde.&nbsp;Als das Geb\u00e4ude fertig war, st\u00fcrzte es ein und t\u00f6tete sich.&nbsp;Dazwischen w\u00e4chst bis heute kein Gras.<\/p>\n\n\n\n<p id=\"block-dd6239f7-55b9-4028-af0f-0c3120d862d5\">Die Seljordkirche wurde zwischen 1150 und 1180 erbaut und von 1965 bis 1972 vom National Heritage Board restauriert. Das Altarbild der Kirche stammt aus dem Jahr 1588 und das Taufbecken aus dem 17. Jahrhundert.&nbsp;Die Kirche hat ein l\u00e4ngliches Kirchenschiff und einen fast quadratischen Chor mit einer Apsis, dh in einem halbkreisf\u00f6rmigen Ende.&nbsp;Die Veranda im Westen stammt aus der Zeit um 1630 und wurde in Mastenbauweise gebaut.&nbsp;Der Dachreiter, der aus dem Jahr 1710 stammt, war im Zusammenhang mit der Restaurierung des Teers, um besser auf die Veranda zu passen.<\/p>\n\n\n\n<h2 class=\"wp-block-heading\" id=\"block-1e89a81d-dd2c-48ce-bae5-d202b4b210ff\">Radtour um den Seljordsee (Seljordsvannet Rundt)<\/h2>\n\n\n\n<p id=\"block-c288f6b8-6e9e-4ddb-b257-de8b078589bb\">Dies ist die Fahrradroute f\u00fcr diejenigen, die nach dem Seewurm suchen m\u00f6chten.&nbsp;Sie radeln meistens mit Blick auf das Wasser die ganze Reise.&nbsp;Die Garvik-Seite (S\u00fcdwestseite) ist f\u00fcr die meisten Verkehrsteilnehmer geeignet, die E 36 jedoch nicht f\u00fcr Kinder.&nbsp;Wenn Sie die ganze Runde fahren, wird empfohlen, zuerst E36 und am Ende Garviksida zu fahren.&nbsp;Dann haben Sie auf der R\u00fcckfahrt eine fantastische Aussicht mit Wasser und dem majest\u00e4tischen Berg Skorve im Hintergrund.&nbsp;Hier finden Sie auch \u00dcberreste einer alten Stra\u00dfe und Felsbrocken, auf denen Sie schwimmen k\u00f6nnen.<\/p>\n\n\n\n<p id=\"block-6a652d0d-f316-461f-984e-69063f34e361\"><strong>Sj\u00f8ormt\u00e5rnet<\/strong>&nbsp;Sj\u00f8ormt\u00e5rnet auf Bj\u00f8rge\u00f8yane wurde am 18. Oktober 2011 er\u00f6ffnet. Der Turm ist aus Holz gebaut und 17 Meter hoch mit drei Aussichtsplattformen.&nbsp;Die Konstruktion erm\u00f6glicht es, abends Licht zu emittieren, so dass der Turm im Dunkeln als leuchtendes Periskop im Gel\u00e4nde erscheint.&nbsp;Die Stra\u00dfe zum Turm ist aus Holz auf Pf\u00e4hlen hinunter ins Feuchtgebiet gebaut.&nbsp;Entlang des Gehwegs wurden B\u00e4nke aufgestellt.<\/p>\n\n\n\n<p id=\"block-27b0e3a5-edbb-4436-afb1-a2397fbc1dfd\"><strong>Nordigard Bj\u00f8rge Gjestegard<\/strong>&nbsp;Am Anfang der Route steht Nordgard Bj\u00f8rge Gjestegard.&nbsp;Im Sommer ist der Hof als Besucherfarm mit eigenem Bauerncaf\u00e9 ge\u00f6ffnet.&nbsp;Die Farm hat viele Tiere, darunter Telemark-K\u00fche, Pferde, H\u00fchner, Schafe, Truth\u00e4hne, Schweine, Kaninchen und Lamas.&nbsp;G\u00e5rdkafeen serviert fantastisches selbst hergestelltes Eis aus Milch aus der Telemark-Wolke.&nbsp;Naturlehrpfad, Spielscheune und Angelm\u00f6glichkeiten in unmittelbarer N\u00e4he.&nbsp;Es ist auch m\u00f6glich, die Nacht im Haupthaus auf dem Bauernhof zu verbringen.<\/p>\n\n\n\n<p id=\"block-02490421-c5d4-4dcf-be0d-fc8792232305\"><strong>Hegna Landhandel<\/strong>&nbsp;Hegna Landhandel ist das erste Selbstbedienungsgesch\u00e4ft in Norwegen.&nbsp;Das Gesch\u00e4ft ist ein vollwertiges Lebensmittelgesch\u00e4ft von 100 m\u00b2, das 365 Tage im Jahr ge\u00f6ffnet ist.&nbsp;Das Gesch\u00e4ft bietet Elemente traditioneller K\u00fcche in Kombination mit einer guten Auswahl an Waren von NorgesGruppen.&nbsp;Inger Marie Bak\u00e5s, die unter anderem zur Gr\u00fcndung von Skreppa AS beigetragen hat, wurde als Filialleiterin eingestellt und tr\u00e4gt dazu bei, Hegna Landhandel zu einem Treffpunkt und Zwischenstopp f\u00fcr Anwohner und Reisende zu machen.<\/p>\n\n\n\n<p id=\"block-900df038-038e-4961-b75c-9692d73770ff\"><strong>Sauna<\/strong> Die&nbsp;Sauna ist eine von drei Installationen aus dem Projekt &#8222;Into the Landscape&#8220;, das auf lokalem Zucker basiert und in die Landschaft eingebaut ist.&nbsp;Seit dem Bau der Sauna im Jahr 2009 wurde sie sowohl von Einheimischen als auch von Besuchern gut besucht.&nbsp;Mit wachsendem Interesse an der Anmietung der Sauna wurde 2017 eine separate Buchungsseite f\u00fcr die Anmietung der Sauna erstellt.&nbsp;Preis ist 300, &#8211; ohne Brennholz und 600, &#8211; inkl. Brennholz.&nbsp;Muss 24 Stunden vor der Nutzung der Sauna gebucht werden.<\/p>\n\n\n\n<p id=\"block-6ffbba1c-22fd-41c9-a490-bd8db59f180e\"><strong>Camping und Sandstr\u00e4nde<\/strong>&nbsp;Rund um Seljordsvatnet gibt es sechs Campingpl\u00e4tze und Str\u00e4nde, an denen mehrere Einrichtungen wie Kanuverleih, Angelm\u00f6glichkeiten, Minigolf und Spielpl\u00e4tze bieten.&nbsp;Auf dem Campingplatz Gavikstrondi k\u00f6nnen Sie erleben, was von der Ausstellung \u00fcber Seew\u00fcrmer \u00fcbrig geblieben ist.&nbsp;Telnessanden Camping ist auch ein Outdoor-Zentrum, das verschiedene Aktivit\u00e4ten f\u00fcr Kinder und Erwachsene bietet und mehrere Wanderwege in der Umgebung hat.&nbsp;Neben dem Seljord-Campingplatz befindet sich Sj\u00f8ormt\u00e5rnet auf Bj\u00f8rge\u00f8yane.<\/p>\n\n\n\n<p id=\"block-8fbd8be6-0271-45d7-aa5c-4318ac565305\"><strong>Seljord Hotel<\/strong>&nbsp;Ein kleines und einzigartiges Hotel mit einer langen und aufregenden Geschichte ab 1850. Eines der historischen Hotels in Norwegen.<\/p>\n\n\n\n<p>Diese Berichte finden sich unter anderem auf der folgenden Webseite, auf der sich auch weitere Touren finden <a href=\"https:\/\/www.bikemap.net\/\" target=\"_blank\" rel=\"noreferrer noopener\">https:\/\/www.bikemap.net\/<\/a><\/p>\n","protected":false},"excerpt":{"rendered":"<p>Kivlem\u00f8ruta Die relativ kleine Gemeinde Seljord liegt im Westen von Telemark, umgeben von Bergen und [&hellip;]<\/p>\n","protected":false},"author":1,"featured_media":0,"parent":0,"menu_order":0,"comment_status":"closed","ping_status":"closed","template":"","meta":{"footnotes":""},"class_list":["post-761","page","type-page","status-publish","hentry"],"translation":{"provider":"WPGlobus","version":"3.0.0","language":"de","enabled_languages":["no","de","gb","pl"],"languages":{"no":{"title":true,"content":true,"excerpt":false},"de":{"title":true,"content":true,"excerpt":false},"gb":{"title":false,"content":false,"excerpt":false},"pl":{"title":false,"content":false,"excerpt":false}}},"_links":{"self":[{"href":"https:\/\/hytteferie.eu\/de\/wp-json\/wp\/v2\/pages\/761","targetHints":{"allow":["GET"]}}],"collection":[{"href":"https:\/\/hytteferie.eu\/de\/wp-json\/wp\/v2\/pages"}],"about":[{"href":"https:\/\/hytteferie.eu\/de\/wp-json\/wp\/v2\/types\/page"}],"author":[{"embeddable":true,"href":"https:\/\/hytteferie.eu\/de\/wp-json\/wp\/v2\/users\/1"}],"replies":[{"embeddable":true,"href":"https:\/\/hytteferie.eu\/de\/wp-json\/wp\/v2\/comments?post=761"}],"version-history":[{"count":18,"href":"https:\/\/hytteferie.eu\/de\/wp-json\/wp\/v2\/pages\/761\/revisions"}],"predecessor-version":[{"id":1214,"href":"https:\/\/hytteferie.eu\/de\/wp-json\/wp\/v2\/pages\/761\/revisions\/1214"}],"wp:attachment":[{"href":"https:\/\/hytteferie.eu\/de\/wp-json\/wp\/v2\/media?parent=761"}],"curies":[{"name":"wp","href":"https:\/\/api.w.org\/{rel}","templated":true}]}}