{"id":766,"date":"2020-10-24T01:16:47","date_gmt":"2020-10-24T01:16:47","guid":{"rendered":"http:\/\/wordpress.p563605.webspaceconfig.de\/?page_id=766"},"modified":"2022-08-09T20:07:29","modified_gmt":"2022-08-09T18:07:29","slug":"ihr-feriendomizil","status":"publish","type":"page","link":"https:\/\/hytteferie.eu\/de\/ihr-feriendomizil\/","title":{"rendered":"Ihr Feriendomizil"},"content":{"rendered":"\n<h2 class=\"wp-block-heading\">Ferienhaus und Stabbur<\/h2>\n\n\n\n<p>Das idyllische Anwesen ist bebaut mit einem 58 qm gro\u00dfen&nbsp;<strong>Wohnhaus<\/strong>&nbsp;mit gro\u00dfer Terrasse und einem kleinen, historischen&nbsp;<strong>G\u00e4stehaus<\/strong>&nbsp;mit \u00fcberdachter Terrasse (ehemaliges Stabbur).<\/p>\n\n\n\n<p>Au\u00dferdem steht noch ein im Stil angepasstes noch nicht innen ausgebautes zweites G\u00e4stehaus und ein offenes Holz- und Ger\u00e4tehaus auf dem Grundst\u00fcck.<\/p>\n\n\n\n<p>Umgeben ist das Grundst\u00fcck von sch\u00f6nem Baumbestand. Dennoch k\u00f6nnen Sie im Sommer die Sonne den ganzen Tag \u00fcber auf dem Grundst\u00fcck genie\u00dfen, da das Haus auf einer gro\u00dfen Lichtung steht.<\/p>\n\n\n\n<p>Vom Grundst\u00fcck aus bietet der Blick \u00fcber den 100 m entfernten ca. 30 m tiefer liegenden Seljord-See mit seinen reizvollen Ufern und umgebenden Bergen mit Weitblick \u00fcber mehr als 10 km in s\u00fcd\u00f6stlicher Richtung eine in Abh\u00e4ngigkeit von Tageszeit, Jahreszeit und Wetter sehr abwechslungsreichen Kulisse.<\/p>\n\n\n\n<p>Da sich das Grundst\u00fcck auf einer Halbinsel mit wenigen H\u00e4usern und in einer Entfernung von 300 m zu einer Nebenstra\u00dfe befindet, l\u00e4sst sich die selbst f\u00fcr norwegische Verh\u00e4ltnisse ausgesprochene Ruhe Tag und Nacht genie\u00dfen.<\/p>\n\n\n\n<p>Die Anlage verf\u00fcgt \u00fcber qualitativ hervorragendes flie\u00dfendes Wasser aus einem\u00a0eigenen,\u00a0neu gebohrten\u00a0Tiefbrunnen.<\/p>\n\n\n\n<div class=\"wp-block-group is-layout-flow wp-block-group-is-layout-flow\"><div class=\"wp-block-group__inner-container\"><\/div><\/div>\n\n\n\n<h2 class=\"wp-block-heading\">Hauptgeb\u00e4ude<\/h2>\n\n\n\n<p>Das Hauptgeb\u00e4ude besteht aus einem 32 qm gro\u00dfen gem\u00fctlichen Wohnzimmer mit Essbereich, 1 Schlafzimmer, Bad\/WC, K\u00fcche und Flur.<\/p>\n\n\n\n<p>Dar\u00fcber hinaus beeindruckt eine grosse&nbsp;Terrasse&nbsp;mit malerischen Aussichten, teilweise auch auf den Seljord-See.<\/p>\n\n\n\n<p>Unsere<strong>&nbsp;Landhausk\u00fcche<\/strong>&nbsp;in altwei\u00df ist mit moderner K\u00fccheneinrichtung ausgestattet. Hierzu geh\u00f6ren:<\/p>\n\n\n\n<ul class=\"wp-block-list\"><li><em>4-Platten-Ceran-Kochfeld <\/em><\/li><li><em>Backofen und Dunstabzugshaube<\/em><\/li><li><em>Geschirrsp\u00fclmaschine<\/em><\/li><li><em>K\u00fchl-Gefrierkombination<\/em><\/li><li><em>Mikrowelle<\/em><\/li><li><em>Kaffeemaschine<\/em><\/li><li><em>Toaster<\/em><\/li><li><em>Wasserkocher<\/em><\/li><\/ul>\n\n\n\n<p>Im&nbsp;<strong>Wohnzimmer<\/strong>&nbsp;befindet sich ein mit Holz zu heizender Kaminofen, der an kalten Tagen gem\u00fctliche W\u00e4rme ausstrahlt.<\/p>\n\n\n\n<p>Die Raumtemperatur l\u00e4\u00dft sich mit Hilfe einer modernen im Jahre 2019 installierten W\u00e4rmepumpe regeln, die auch bei Nutzung des Holzofens betrieben werden kann. So ist eine angenehme individuell anpassbare Einstellung des Raum- und Hausklimas m\u00f6glich.<\/p>\n\n\n\n<p>Nahe dem offenen \u00dcbergang zur K\u00fcche steht ein ausziehbarer Eichen-E\u00dftisch mit Platz f\u00fcr bis zu 10 Personen.<\/p>\n\n\n\n<p>Die bequeme Sitzgarnitur &#8218;verbirgt&#8216; ein 1,20 m breites Bett.<br>Vom Wohnzimmer aus besteht ein direkter Zugang zur ca. 40 qm gro\u00dfen Terrasse.<\/p>\n\n\n\n<p>Das&nbsp;<strong>Bad<\/strong>&nbsp;hat Fliesen auf dem Boden mit Fu\u00dfbodenheizung und enth\u00e4lt eine gro\u00dfe Dusche, WC, und Waschbecken mit Mischbatterie.<\/p>\n\n\n\n<p><strong>Weitere Ausstattung:<\/strong><\/p>\n\n\n\n<p>Staubsauger, Satelliten-TV, Terrasse, Gartenm\u00f6bel, Grill, Rasenm\u00e4her. Mehrere Parkpl\u00e4tze&nbsp;auf dem Grundst\u00fcck.<\/p>\n","protected":false},"excerpt":{"rendered":"<p>Ferienhaus und Stabbur Das idyllische Anwesen ist bebaut mit einem 58 qm gro\u00dfen&nbsp;Wohnhaus&nbsp;mit gro\u00dfer Terrasse [&hellip;]<\/p>\n","protected":false},"author":1,"featured_media":0,"parent":0,"menu_order":0,"comment_status":"closed","ping_status":"closed","template":"","meta":{"footnotes":""},"class_list":["post-766","page","type-page","status-publish","hentry"],"translation":{"provider":"WPGlobus","version":"3.0.0","language":"de","enabled_languages":["no","de","gb","pl"],"languages":{"no":{"title":true,"content":true,"excerpt":false},"de":{"title":true,"content":true,"excerpt":false},"gb":{"title":false,"content":false,"excerpt":false},"pl":{"title":false,"content":false,"excerpt":false}}},"_links":{"self":[{"href":"https:\/\/hytteferie.eu\/de\/wp-json\/wp\/v2\/pages\/766","targetHints":{"allow":["GET"]}}],"collection":[{"href":"https:\/\/hytteferie.eu\/de\/wp-json\/wp\/v2\/pages"}],"about":[{"href":"https:\/\/hytteferie.eu\/de\/wp-json\/wp\/v2\/types\/page"}],"author":[{"embeddable":true,"href":"https:\/\/hytteferie.eu\/de\/wp-json\/wp\/v2\/users\/1"}],"replies":[{"embeddable":true,"href":"https:\/\/hytteferie.eu\/de\/wp-json\/wp\/v2\/comments?post=766"}],"version-history":[{"count":6,"href":"https:\/\/hytteferie.eu\/de\/wp-json\/wp\/v2\/pages\/766\/revisions"}],"predecessor-version":[{"id":1324,"href":"https:\/\/hytteferie.eu\/de\/wp-json\/wp\/v2\/pages\/766\/revisions\/1324"}],"wp:attachment":[{"href":"https:\/\/hytteferie.eu\/de\/wp-json\/wp\/v2\/media?parent=766"}],"curies":[{"name":"wp","href":"https:\/\/api.w.org\/{rel}","templated":true}]}}