{"id":776,"date":"2020-10-24T02:01:21","date_gmt":"2020-10-24T02:01:21","guid":{"rendered":"http:\/\/wordpress.p563605.webspaceconfig.de\/?page_id=776"},"modified":"2022-07-19T20:46:22","modified_gmt":"2022-07-19T18:46:22","slug":"umgebung-und-sehenwurdigkeiten","status":"publish","type":"page","link":"https:\/\/hytteferie.eu\/de\/umgebung-und-sehenwurdigkeiten\/","title":{"rendered":"Umgebung und Sehensw\u00fcrdigkeiten"},"content":{"rendered":"\n<h2 class=\"wp-block-heading\" id=\"block-bbc7e44e-dddd-4cf6-be92-5921318da2bb\">Seljord<\/h2>\n\n\n\n<p id=\"block-c4d1e08e-6d31-4371-bd22-a3cd0a5988e3\">Seljord ist eine norwegische Ortschaft (Kommune) in der Landschaft Telemark im Fylke Vestfold og Telemark mit 2888 Einwohnern. Seljord liegt zentral in der Telemark am n\u00f6rdlichen Ende des <a rel=\"noreferrer noopener\" href=\"https:\/\/de.wikipedia.org\/wiki\/Seljordsvatn\" target=\"_blank\">Seljordsvatn.<\/a>&nbsp;<\/p>\n\n\n\n<p id=\"block-0896cbd6-b541-4421-be83-d146d52b7f94\">Die Gr\u00fcndung von Seljord geht auf den 1. Januar 1838 zur\u00fcck.<\/p>\n\n\n\n<p id=\"block-49163898-3332-46f9-a7e9-bfc6ae7197ee\">Seljord liegt dabei besonders verkehrsg\u00fcnstig, um Telemark zu erkunden. Schlie\u00dflich liegt Seljord an der wichtigsten Verbindung zwischen dem Oslofjord und dem Atlantik und zwischen der S\u00fcdk\u00fcste Norwegens und Oslo. Ist eine Gemeinde mit verschiedenartigsten Gesch\u00e4ften, mehreren Restaurants, 1 Bibliothek, mehreren Caf\u00e9s, 2 Tankstellen, und einer umfangreichen Verwaltung im Regierungsbezirk Vestfold og Telemark in Norwegen. Erfahren Sie mehr \u00fcber Seljord und die umgebenden Gemeinden sowie \u00fcber Telemark einschlie\u00dflich interessante Veranstaltungen in englischer Sprache unter der Webseite von <a rel=\"noreferrer noopener\" href=\"https:\/\/www.visittelemark.com\/information\/product-catch-all\/seljord-p559383\" target=\"_blank\">&#8222;Visit Telemark&#8220;<\/a>.<\/p>\n\n\n\n<p id=\"block-869aef4a-d454-499c-bab6-7aa82241951b\">Besonders erw\u00e4hnenswert ist das sehr sch\u00f6ne historische <a rel=\"noreferrer noopener\" href=\"https:\/\/www.seljordhotel.no\/deutsch\/\" target=\"_blank\">Seljord Hotell<\/a> im attraktiven Schweizerstil mit einem sehr guten a la Cart\u00e9 Restaurant.<\/p>\n\n\n\n<p id=\"block-bb3c2678-6d22-49c8-97dc-05f20fb05f34\">Ebenfalls sehenswert ist auch die wei\u00dfe <a rel=\"noreferrer noopener\" href=\"http:\/\/www.seljordkyrkje.no\/\" target=\"_blank\">Seljord Kirche<\/a> aus dem 12. Jahrhundert.<\/p>\n\n\n\n<p id=\"block-e8c47cb9-0960-47e8-9782-ae24126a5744\">Nicht zuletzt ist Seljord auch ber\u00fchmt wegen Selma. <a rel=\"noreferrer noopener\" href=\"http:\/\/de.wikipedia.org\/wiki\/Selma_(Seeungeheuer)\" target=\"_blank\">Selma<\/a> ist der Name eines schlangen\u00e4hnlichen Seeungeheuers, das im norwegischen See Seljordsvatn leben soll. Ein erstes Mal soll Selma im Sommer 1750 gesichtet worden sein. Beweise zu seiner Existenz ergeben sich jedoch bis zum heutigen Tage nicht (\u00e4hnlich dem schottischen See-Ungeheuer Nessie im See Loch Ness).<\/p>\n\n\n\n<p id=\"block-7aabe20c-de07-46f9-859d-9ea397798cd9\"><a rel=\"noreferrer noopener\" href=\"http:\/\/dyrskun.no\/\" target=\"_blank\">Dyrsku&#8217;n<\/a> Das gr\u00f6\u00dfte Ereignis in Telemark findet immer im September in Seljord statt. Seit 150 Jahren empf\u00e4ngt Seljord auf dem Gel\u00e4nde des Dyrskuplassen zahlreiche G\u00e4ste zu Norwegens gr\u00f6\u00dfter Handels- und Landwirtschaftsmesse. In den letzten Jahren waren es etwa 200 000 Besucher.<\/p>\n\n\n\n<p id=\"block-9009bda7-07ad-4f40-9356-f17870952052\"><em>Die Veranstaltung hat leider 2020 wegen der Corona-Pandemie nicht stattgefunden<\/em>. F\u00fcr 2021 ist sie f\u00fcr die Zeit&nbsp; vom 10. &#8211; 12. September 2021 geplant.<\/p>\n\n\n\n<p id=\"block-77a8269a-6542-45dc-8ddb-ad8e8768f5f9\">Im Sommer gibt es viele weitere Veranstaltungen auf dem&nbsp; Dyrskuplassen in Seljord.<\/p>\n\n\n\n<h3 class=\"wp-block-heading\" id=\"block-6c974aeb-ffb7-49d2-87a3-765098c92781\">Natur<\/h3>\n\n\n\n<p id=\"block-ecbfbebb-c08b-4f8b-8e41-6fb6eeb600b2\">Die Hauptt\u00e4ler&nbsp;Flatdal&nbsp;mit dem&nbsp;\u00c5motsdal&nbsp;und das enge&nbsp;Kivledal&nbsp;mit dem Sundsbarmvatn m\u00fcnden beide am Westende des Seljordsvatn. Zwischen diesen T\u00e4lern liegt der Berg&nbsp;Skorve&nbsp;(1.370m&nbsp;). Der h\u00f6chste Berg der Kommune ist das&nbsp;Brattefjell&nbsp;(1.540&nbsp;m) im Norden.<\/p>\n\n\n\n<h3 class=\"wp-block-heading\" id=\"block-8688d228-a7cc-4d89-9ddb-e8f5ac71279f\">Geschichte<\/h3>\n\n\n\n<p id=\"block-b34e7f77-c98c-4c3c-8ba2-65f944623238\">An der westlichen Fassade der Kirche aus dem 10. Jahrhundert ist in Eingangsn\u00e4he eine&nbsp;<a rel=\"noreferrer noopener\" href=\"https:\/\/de.wikipedia.org\/wiki\/Trojaburg\" target=\"_blank\">Trojaburg<\/a>&nbsp;aufgemalt. Vor der Kirche steht eine Skulptur Anne Grimsdalens, die den Priester&nbsp;<a rel=\"noreferrer noopener\" href=\"https:\/\/de.wikipedia.org\/wiki\/Magnus_Brostrup_Landstad\" target=\"_blank\">Magnus Brostrup Landstad<\/a>&nbsp;darstellt, der von 1840 bis 1848 Priester in Seljord war. Ebenso steht dort ein Stein mit 570 kg Gewicht, den der &#8222;Sterke-Nils&#8220; (Nils Olsson Langedal, 1772\u20131800) der Sage nach angehoben haben soll.<\/p>\n\n\n\n<p id=\"block-d9dd4abd-f501-422d-9e8b-3ea8f12c2434\">Im Flatdal liegt die&nbsp;<a rel=\"noreferrer noopener\" href=\"https:\/\/de.wikipedia.org\/w\/index.php?title=Flatdal_Kirche&amp;action=edit&amp;redlink=1\" target=\"_blank\">Flatdal Kirche<\/a>&nbsp;von 1654, sowie die Gastwirtschaft Nutheim und eine Malschule.<\/p>\n\n\n\n<p id=\"block-7ba0ddc5-a8e7-43b6-98bd-6cea296eff71\">1944 kollidierte in der N\u00e4he eine Junkers auf dem&nbsp;<a rel=\"noreferrer noopener\" href=\"https:\/\/de.wikipedia.org\/wiki\/Deutsche-Lufthansa-Flug_7\" target=\"_blank\">Deutsche-Lufthansa-Flug 7<\/a>&nbsp;mit einem Berg, wobei alle 15 Insassen ums Leben kamen.<\/p>\n\n\n\n<p id=\"block-026fabb7-6fee-45a2-9533-9cc75be8b0e9\">Im Zentrum von Seljord gibt es viele Skulpturen und eine Gedenkst\u00e4tte f\u00fcr amerikanische Soldaten, die 1944 auf dem Skorve gefallen sind. Die Kommune wurde 2010 die Nynorskkommune des Jahres, da sie unter anderem eine gute Sprachentwicklung f\u00fcr Kinder anbietet.<\/p>\n\n\n\n<h2 class=\"wp-block-heading\" id=\"block-a05a9cd8-78f1-4dfa-b898-f7483efc5231\">Telemark<\/h2>\n\n\n\n<p id=\"block-600b3bb0-1e22-437b-a2ac-6eb80967f73c\">Das zu den Fylke (norwegisch f\u00fcr Bezirk oder Land) geh\u00f6rende Telemark wird von Vielen auch gern als Miniatur\u00adausgabe Norwegens gesehen<br>( Norwegen in einer Nu\u00dfschale &#8211; englisch: &#8218;Norway in a nutshell&#8216; ).<\/p>\n\n\n\n<p id=\"block-9ab61742-7a49-4ace-b0fc-176e19fc947a\">Dieses Gebiet geh\u00f6rt zu einer der sch\u00f6nsten Landschaftsregionen S\u00fcdnorwegens. Seit 2020 wurden die bisherigen Fylke Telemark und Vestfold zu einem Fylke <em>Vestfold og<\/em> (und) <em>Telemark<\/em> zusammengefasst.<\/p>\n\n\n\n<p id=\"block-e083d181-01cd-490a-97aa-129fe3a9f3ce\">Besonders lohnend ist eine Schiffsreise durch den im 19. Jahrhundert errichteten <a rel=\"noreferrer noopener\" href=\"https:\/\/www.telemarkcanal.com\/\" target=\"_blank\">Telemarkkanal<\/a>, welcher von Dalen nach Skien f\u00fchrt und wegen seiner zahlreichen Schleusen bis heute als technische Meisterleistung gilt. Ein Anleger in Kviteseid ist nur 16 km von Seljord entfernt.<\/p>\n","protected":false},"excerpt":{"rendered":"<p>Seljord Seljord ist eine norwegische Ortschaft (Kommune) in der Landschaft Telemark im Fylke Vestfold og [&hellip;]<\/p>\n","protected":false},"author":1,"featured_media":0,"parent":0,"menu_order":0,"comment_status":"closed","ping_status":"closed","template":"","meta":{"footnotes":""},"class_list":["post-776","page","type-page","status-publish","hentry"],"translation":{"provider":"WPGlobus","version":"3.0.0","language":"de","enabled_languages":["no","de","gb","pl"],"languages":{"no":{"title":true,"content":true,"excerpt":false},"de":{"title":true,"content":true,"excerpt":false},"gb":{"title":false,"content":false,"excerpt":false},"pl":{"title":false,"content":false,"excerpt":false}}},"_links":{"self":[{"href":"https:\/\/hytteferie.eu\/de\/wp-json\/wp\/v2\/pages\/776","targetHints":{"allow":["GET"]}}],"collection":[{"href":"https:\/\/hytteferie.eu\/de\/wp-json\/wp\/v2\/pages"}],"about":[{"href":"https:\/\/hytteferie.eu\/de\/wp-json\/wp\/v2\/types\/page"}],"author":[{"embeddable":true,"href":"https:\/\/hytteferie.eu\/de\/wp-json\/wp\/v2\/users\/1"}],"replies":[{"embeddable":true,"href":"https:\/\/hytteferie.eu\/de\/wp-json\/wp\/v2\/comments?post=776"}],"version-history":[{"count":11,"href":"https:\/\/hytteferie.eu\/de\/wp-json\/wp\/v2\/pages\/776\/revisions"}],"predecessor-version":[{"id":1118,"href":"https:\/\/hytteferie.eu\/de\/wp-json\/wp\/v2\/pages\/776\/revisions\/1118"}],"wp:attachment":[{"href":"https:\/\/hytteferie.eu\/de\/wp-json\/wp\/v2\/media?parent=776"}],"curies":[{"name":"wp","href":"https:\/\/api.w.org\/{rel}","templated":true}]}}