{"id":761,"date":"2020-10-22T20:43:05","date_gmt":"2020-10-22T20:43:05","guid":{"rendered":"http:\/\/wordpress.p563605.webspaceconfig.de\/?page_id=761"},"modified":"2022-08-07T13:48:24","modified_gmt":"2022-08-07T11:48:24","slug":"fahrradtouren","status":"publish","type":"page","link":"https:\/\/hytteferie.eu\/gb\/fahrradtouren\/","title":{"rendered":"Sykkelturer"},"content":{"rendered":"\n<h2 class=\"wp-block-heading\">Kivlem\u00f8ruta<\/h2>\n\n\n\n<p id=\"block-4ef6f83b-1fc4-4239-b3c4-f078a70dfdbf\">Den relativt lille kommunen Seljord ligger vest i Telemark, omgitt av fjell og vakker natur.&nbsp;For de som er interessert i natur og natur, tilbyr stedet strender og turomr\u00e5der i skog og fjell.<\/p>\n\n\n\n<p id=\"block-98b8a28d-edc2-4d22-ab37-8df30d00ebd3\"><strong>Kivledalen med Hanakamjuvet<\/strong>&nbsp;&nbsp;Reisen begynner i sentrum av Seljord og g\u00e5r mot \u00c5sgrend p\u00e5 vestsiden av Kivledalen.&nbsp;Veien er asfaltert, det er grus p\u00e5 den andre siden av dalen.&nbsp;Du sykler forbi Kivlem\u00f8yane, som har en benk du kan slappe av p\u00e5.<\/p>\n\n\n\n<p id=\"block-a0aa9f97-8220-49c6-937f-e5d2f7555a3e\"><strong>Kivlem\u00f8yane<\/strong>&nbsp;&nbsp;\u00c5tte skulpturelle \u00bb&nbsp;<strong>skap<\/strong>&nbsp;\u00bb stikker ut fra landskapet p\u00e5 steder knyttet til utvalgte historier om lokale kvinneskikkelser.&nbsp;Felles for dem alle er at fiolinmelodier er knyttet til historiene.&nbsp;\u00c5tte kunstnere formidlet sine tolkninger av disse historiene;&nbsp;Gonil Dale, Guro Lomodden, Kivlem\u00f8yane, Gurp Heddeli, T\u00e5r\u00e5n og Troppin, Glima og Rupedalar, Ljose-Signe og Bindingsnuten og Skuldalsbruri.&nbsp;Overalt er det en benk som folk kan sitte p\u00e5 for \u00e5 nyte en annen kunstopplevelse i det \u00ablegendariske landskapet\u00bb.&nbsp;For \u00e5 h\u00f8re en kort versjon av historien om Kivlem\u00f8yane kan du ringe \u201cDas Sagenmobil\u201d p\u00e5 +47 3519 7623. Ring 34 for \u00e5 h\u00f8re Jon Svartdal.<\/p>\n\n\n\n<p id=\"block-6c1c0f34-fd09-4fce-ad1f-85fe0e933995\"><strong>Hanakamjuvet<\/strong>&nbsp;&nbsp;Hanakamjuvet ligger nydelig h\u00f8yt oppe i Kivledalen og er en fin bonustur for de som sykler terrengsykler.&nbsp;Her er det ujevnt dekket med til dels store steiner.&nbsp;N\u00e5r det er fint v\u00e6r, har du god utsikt over Seljord og Seljordsvatnet, der Sj\u00f8ormen bor.&nbsp;Underveis kan du oppleve fossefall, historiske steder, kl\u00f8fter og flotte utsiktspunkter.&nbsp;For \u00e5 komme til en fin rundkj\u00f8ring, sving til h\u00f8yre n\u00e5r du m\u00f8ter veien og f\u00f8lg den til parkeringsplassen.<\/p>\n\n\n\n<p id=\"block-3dea98d2-25b1-4714-82d2-77afd99ecbf1\">P\u00e5 vei ned vil du se gamle g\u00e5rder og hytter med helt fantastisk utsikt.&nbsp;Ta deg tid til \u00e5 nyte det.<\/p>\n\n\n\n<p id=\"block-1494022f-cc0e-4a17-991a-52a295a6f2ed\">Helt nederst i kirken ligger Sterke-Nils-Stein og Landstad-minnesmerket.<\/p>\n\n\n\n<p id=\"block-99b293ea-e504-46c5-9b9c-abebe82e6ba3\"><strong>Sterke-Nils<\/strong>&nbsp;&nbsp;Nils Olavsson Langedal, kalt Sterke-Nils (f\u00f8dt rundt 1720 p\u00e5 Rulleteig i Brunkeberg i Kviteseid i Telemark, d\u00f8de rundt 1800) og var en sterk mann som det er flere sagn om.&nbsp;Han bodde deler av livet sitt i Seljord (Seljordshei) og Kviteseid.&nbsp;Sterke-Nils var kjent som kjempen fra Seljord som ble flasket i hestemelk og var \u00abfryktelig sterk\u00bb.&nbsp;Sterke-Nils skal ha l\u00f8ftet 570 kilo steinen fra Seljord kirke.&nbsp;Den \u201cklype l\u00f8ftestein\u201d (75 kg) som han l\u00f8ftet i \u201cklypen\u201d, alts\u00e5 knyttneve.<\/p>\n\n\n\n<p id=\"block-66d657c2-5da6-4703-9cd9-199f7412f4b0\"><strong>Landstad Momument<\/strong>&nbsp;&nbsp;Magnus Brostrup Landstad, dikterprest og folkesangsamler, mest kjent for \u00e5 ha gitt ut norske folkesanger og Kyrkjesalmebok.&nbsp;Han \u00f8nsket \u00e5 presentere utviklingen av et nytt norsk spr\u00e5k p\u00e5 1800-tallet og r\u00e5df\u00f8rte seg med Ivar Aasen om denne saken.&nbsp;Et monument over Anne Grimdalen ble reist i Seljord kirke, og kronprins Olav holdt tale ved avdukingen i 1951.&nbsp;Det ble fremf\u00f8rt en kantate med tittelen \u201cDu er p\u00e5 vei til det norske folk\u201d.<\/p>\n\n\n\n<p id=\"block-d6421ba1-a9f6-46cf-aa42-531f8ca87738\"><strong>Seljord kirke<\/strong>&nbsp;Seljord kirke er \u00e5pen om sommeren, og det er mulig \u00e5 ta en guidet tur i \u00e5pningstidene.&nbsp;Seljord kirke er en steinkirke viet til Olav den hellige.&nbsp;I det nordvestlige hj\u00f8rnet er det sk\u00e5ret ut et ansikt som if\u00f8lge en historie sies \u00e5 v\u00e6re den \u201chellige kongen\u201d.&nbsp;En annen historie sier at kirken ble bygget av en \u00abbrosme\u00bb.&nbsp;Da bygningen var ferdig kollapset den og drepte seg selv.&nbsp;Det vokser fremdeles ikke noe gress imellom.<\/p>\n\n\n\n<p id=\"block-dd6239f7-55b9-4028-af0f-0c3120d862d5\">Seljord kirke ble bygget mellom 1150 og 1180 og restaurert av Riksantikvaren fra 1965 til 1972.&nbsp;Kirkens altertavle er fra 1588 og d\u00f8pefonten fra 1600-tallet.&nbsp;Kirken har et langstrakt skip og et nesten firkantet kor med en apsis, det vil si i en halvcirkelformet ende.&nbsp;Verandaen i vest stammer fra rundt 1630 og ble bygget ved hjelp av en stolpekonstruksjon.&nbsp;Taket, som dateres tilbake til 1710, var i forbindelse med restaureringen av tj\u00e6ren for \u00e5 passe bedre til verandaen.<\/p>\n\n\n\n<h2 class=\"wp-block-heading\" id=\"block-1e89a81d-dd2c-48ce-bae5-d202b4b210ff\">Sykkeltur rundt Seljordsvannet<\/h2>\n\n\n\n<p id=\"block-c288f6b8-6e9e-4ddb-b257-de8b078589bb\">Dette er sykkelruten for de som \u00f8nsker \u00e5 se etter sj\u00f8ormen.&nbsp;Mesteparten av tiden sykler du med utsikt over vannet hele turen.&nbsp;Garvik-siden (s\u00f8rvestsiden) passer for de fleste trafikanter, men E 36 er ikke egnet for barn.&nbsp;Hvis du skal kj\u00f8re hele sl\u00f8yfen, anbefales det \u00e5 kj\u00f8re E36 f\u00f8rst og Garviksida p\u00e5 slutten.&nbsp;S\u00e5 p\u00e5 vei tilbake har du en fantastisk utsikt med vann og det majestetiske Skorve-fjellet i bakgrunnen.&nbsp;Du vil ogs\u00e5 finne rester av en gammel vei og steinblokker \u00e5 sv\u00f8mme p\u00e5.<\/p>\n\n\n\n<p id=\"block-6a652d0d-f316-461f-984e-69063f34e361\"><strong>Sj\u00f8ormt\u00e5rnet<\/strong>&nbsp;&nbsp;Sj\u00f8ormt\u00e5rnet p\u00e5 Bj\u00f8rge\u00f8yane \u00e5pnet 18. oktober 2011.&nbsp;T\u00e5rnet er laget av tre og er 17 meter h\u00f8yt med tre utsiktsplattformer.&nbsp;Konstruksjonen gj\u00f8r det mulig \u00e5 avgi lys om kvelden slik at t\u00e5rnet fremst\u00e5r i m\u00f8rket som et lysende periskop i omr\u00e5det.&nbsp;Veien til t\u00e5rnet er bygget av tre p\u00e5 stylter ned i v\u00e5tmarken.&nbsp;Benker ble satt opp langs fortauet.<\/p>\n\n\n\n<p id=\"block-27b0e3a5-edbb-4436-afb1-a2397fbc1dfd\"><strong>Nordigard Bj\u00f8rge Gjestegard<\/strong>&nbsp;&nbsp;I begynnelsen av ruten er Nordgard Bj\u00f8rge Gjestegard.&nbsp;Om sommeren er g\u00e5rden \u00e5pen som bes\u00f8ksg\u00e5rd med egen bondekaf\u00e9.&nbsp;G\u00e5rden har mange dyr, inkludert telemarkkyr, hester, kyllinger, sauer, kalkuner, griser, kaniner og lamaer.&nbsp;G\u00e5rdkafeen serverer fantastisk hjemmelaget is laget av melk fra Telemark-skyen.&nbsp;Natursti, lekefj\u00f8s og fiskemuligheter i umiddelbar n\u00e6rhet.&nbsp;Det er ogs\u00e5 mulig \u00e5 overnatte i hovedhuset p\u00e5 g\u00e5rden.<\/p>\n\n\n\n<p id=\"block-02490421-c5d4-4dcf-be0d-fc8792232305\"><strong>Hegna Landhandel<\/strong>&nbsp;&nbsp;Hegna Landhandel er den f\u00f8rste selvbetjeningsbutikken i Norge.&nbsp;Butikken er en full 100 m\u00b2 dagligvarebutikk som er \u00e5pen 365 dager i \u00e5ret.&nbsp;Butikken tilbyr elementer av tradisjonell mat kombinert med et godt utvalg av varer fra NorgesGruppen.&nbsp;Inger Marie Bak\u00e5s, som blant annet hjalp til med \u00e5 grunnlegge Skreppa AS, er ansatt som avdelingsleder og er med p\u00e5 \u00e5 gj\u00f8re Hegna Landhandel til et m\u00f8tepunkt og stoppested for beboere og reisende.<\/p>\n\n\n\n<p id=\"block-900df038-038e-4961-b75c-9692d73770ff\"><strong>Badstue<\/strong>&nbsp;Badstuen er en av tre installasjoner fra \u201cInto the Landscape\u201d -prosjektet, som er basert p\u00e5 lokalt sukker og innebygd i landskapet.&nbsp;Siden badstuen ble bygget i 2009, har den v\u00e6rt godt bes\u00f8kt av b\u00e5de lokale og bes\u00f8kende.&nbsp;Med den \u00f8kende interessen for \u00e5 leie badstuen ble det opprettet en egen bestillingsside for leie av badstuen i 2017.&nbsp;Prisen er 300,00 uten ved og 600,00 inkludert ved.&nbsp;M\u00e5 bestilles 24 timer f\u00f8r du bruker badstuen.<\/p>\n\n\n\n<p id=\"block-6ffbba1c-22fd-41c9-a490-bd8db59f180e\"><strong>Camping og sandstrender<\/strong>&nbsp;&nbsp;Det er seks campingplasser og strender rundt Seljordsvatnet, med flere fasiliteter som kanoutleie, fiske, minigolf og lekeplasser.&nbsp;P\u00e5 campingplassen Gavikstrondi kan du se hva som er igjen av sj\u00f8ormutstillingen.&nbsp;Telnessanden Camping er ogs\u00e5 et utesenter som tilbyr ulike aktiviteter for barn og voksne, og har flere turstier i omr\u00e5det.&nbsp;Ved siden av Seljord-campingplassen ligger Sj\u00f8ormt\u00e5rnet p\u00e5 Bj\u00f8rge\u00f8yane.<\/p>\n\n\n\n<p id=\"block-8fbd8be6-0271-45d7-aa5c-4318ac565305\"><strong>Seljord Hotel<\/strong>&nbsp;&nbsp;Et lite og unikt hotell med en lang og spennende historie tilbake til 1850. Et av de mest historiske hotellene i Norge.<\/p>\n\n\n\n<p><\/p>\n","protected":false},"excerpt":{"rendered":"<p>Kivlem\u00f8ruta Den relativt lille kommunen Seljord ligger vest i Telemark, omgitt av fjell og vakker [&hellip;]<\/p>\n","protected":false},"author":1,"featured_media":0,"parent":0,"menu_order":0,"comment_status":"closed","ping_status":"closed","template":"","meta":{"footnotes":""},"class_list":["post-761","page","type-page","status-publish","hentry"],"translation":{"provider":"WPGlobus","version":"3.0.0","language":"gb","enabled_languages":["no","de","gb","pl"],"languages":{"no":{"title":true,"content":true,"excerpt":false},"de":{"title":true,"content":true,"excerpt":false},"gb":{"title":false,"content":false,"excerpt":false},"pl":{"title":false,"content":false,"excerpt":false}}},"_links":{"self":[{"href":"https:\/\/hytteferie.eu\/gb\/wp-json\/wp\/v2\/pages\/761","targetHints":{"allow":["GET"]}}],"collection":[{"href":"https:\/\/hytteferie.eu\/gb\/wp-json\/wp\/v2\/pages"}],"about":[{"href":"https:\/\/hytteferie.eu\/gb\/wp-json\/wp\/v2\/types\/page"}],"author":[{"embeddable":true,"href":"https:\/\/hytteferie.eu\/gb\/wp-json\/wp\/v2\/users\/1"}],"replies":[{"embeddable":true,"href":"https:\/\/hytteferie.eu\/gb\/wp-json\/wp\/v2\/comments?post=761"}],"version-history":[{"count":18,"href":"https:\/\/hytteferie.eu\/gb\/wp-json\/wp\/v2\/pages\/761\/revisions"}],"predecessor-version":[{"id":1214,"href":"https:\/\/hytteferie.eu\/gb\/wp-json\/wp\/v2\/pages\/761\/revisions\/1214"}],"wp:attachment":[{"href":"https:\/\/hytteferie.eu\/gb\/wp-json\/wp\/v2\/media?parent=761"}],"curies":[{"name":"wp","href":"https:\/\/api.w.org\/{rel}","templated":true}]}}