{"id":766,"date":"2020-10-24T01:16:47","date_gmt":"2020-10-24T01:16:47","guid":{"rendered":"http:\/\/wordpress.p563605.webspaceconfig.de\/?page_id=766"},"modified":"2022-08-09T20:07:29","modified_gmt":"2022-08-09T18:07:29","slug":"ihr-feriendomizil","status":"publish","type":"page","link":"https:\/\/hytteferie.eu\/gb\/ihr-feriendomizil\/","title":{"rendered":"Feriehuset ditt"},"content":{"rendered":"\n<p class=\"has-large-font-size\"><strong>Beliggenhet<\/strong><\/p>\n\n\n\n<p>V\u00e5r &#8216;Hytte&#8217; ligger sentralt i Telemark ca. 3 km fra Seljord kommune og i krysset mellom Europavei 134 og Riksvei (riksvei) 36 p\u00e5 den idylliske halv\u00f8ya Sinnesodden med en diameter p\u00e5 ca. 500 m med romslige naturtomter og originale tr\u00e6r. S\u00e5 fort du kj\u00f8rer inn p\u00e5 eiendommen vil du bli imponert over den storsl\u00e5tte utsikten i s\u00f8r\u00f8stlig retning over det over 15 km lange Seljordvatnet (Seljordvatn).<\/p>\n\n\n\n<p>Hvis du vil ha en god oversikt over omr\u00e5det klikk <a href=\"https:\/\/maps.google.com\/maps?ll=59.473166,8.665826&amp;z=15&amp;t=h&amp;hl=de-DE&amp;gl=DE&amp;mapclient=embed&amp;cid=13907721750444691723\" target=\"_blank\" rel=\"noreferrer noopener\">p\u00e5 vis kart<\/a>, kan du utforske omr\u00e5det. Du kan ogs\u00e5 sjekke ruten til feriehuset v\u00e5rt i <a href=\"http:\/\/hytteferie.eu\/kontakt\">hytteferie.eu\/kontakt<\/a>.<\/p>\n\n\n\n<h2 class=\"has-large-font-size wp-block-heading\">Hytte og Stabbur<\/h2>\n\n\n\n<p>Den idylliske eiendommen er bygd p\u00e5 med et 58 kvadratmeter stort&nbsp;&nbsp;<strong>hus<\/strong>&nbsp;&nbsp;med stor terrasse og et lite, historisk&nbsp;&nbsp;<strong>gjestehus<\/strong>&nbsp;&nbsp;med overbygd terrasse (tidligere stabbur).<\/p>\n\n\n\n<p>I tillegg er det et andre pensjonat, som enn\u00e5 ikke er utviklet internt, og et \u00e5pent tre- og redskapsbod p\u00e5 eiendommen.<\/p>\n\n\n\n<p>Eiendommen er omgitt av vakre tr\u00e6r.&nbsp;Likevel, om sommeren kan du nyte solen hele dagen p\u00e5 eiendommen, da huset ligger i en stor lysning.<\/p>\n\n\n\n<p>Fra eiendommen gir utsikten over Seljord-sj\u00f8en, 100 m unna, ca. 30 m nedenfor, med sine sjarmerende bredder og omkringliggende fjell med utsikt over mer enn 10 km i s\u00f8r\u00f8stlig retning et veldig variert bakteppe, avhengig av tid p\u00e5 dagen, \u00e5rstid og v\u00e6r.<\/p>\n\n\n\n<p>Siden eiendommen ligger p\u00e5 en halv\u00f8y med noen f\u00e5 hus og i en avstand p\u00e5 300 m fra en sidegate, kan det stille, selv i norsk m\u00e5lestokk, nytes dag og natt.<\/p>\n\n\n\n<p>Anlegget har rennende vann av h\u00f8y kvalitet fra sin egen, nylig borede dype br\u00f8nn.<\/p>\n\n\n\n<h2 class=\"has-large-font-size wp-block-heading\">Hovedbygning<\/h2>\n\n\n\n<p>Hovedbygningen best\u00e5r av en 32 kvadratmeter koselig stue med spiseplass, 1 soverom, bad \/ toalett, kj\u00f8kken og hall.<\/p>\n\n\n\n<p>I tillegg imponerer en stor terrasse med pittoresk utsikt, delvis ogs\u00e5 av Seljordvatnet.<\/p>\n\n\n\n<p>V\u00e5r&nbsp;<strong>herreg\u00e5rd<\/strong>&nbsp;<strong>kj\u00f8kken<\/strong> i gammel hvit er utstyrt med moderne kj\u00f8kkenutstyr.&nbsp;Disse inkluderer:<\/p>\n\n\n\n<ul class=\"wp-block-list\"><li><em>4-plate keramisk kokeplate<\/em><\/li><li><em>Stekeovn og avtrekksvifte<\/em><\/li><li><em>Oppvaskmaskin<\/em><\/li><li><em>Kj\u00f8leskap-fryser-kombinasjon<\/em><\/li><li><em>Mikrob\u00f8lgeovn<\/em><\/li><li><em>Kaffemaskin<\/em><\/li><li><em>Br\u00f8drister<\/em><\/li><li><em>Varmtvannsbereder<\/em><\/li><\/ul>\n\n\n\n<p>I&nbsp;&nbsp;<strong>Stuen <\/strong>er&nbsp;&nbsp;det en vedovn som utstr\u00e5ler koselig varme p\u00e5 kalde dager.<\/p>\n\n\n\n<p>Romtemperaturen kan reguleres ved hjelp av en moderne varmepumpe installert i 2019, som ogs\u00e5 kan betjenes ved bruk av vedovnen.&nbsp;P\u00e5 denne m\u00e5ten er en hyggelig, individuelt tilpassbar innstilling av rommet og husklima mulig.<\/p>\n\n\n\n<p>N\u00e6r den \u00e5pne overgangen til kj\u00f8kkenet er det et uttrekkbart spisebord i eik med plass til opptil 10 personer.<\/p>\n\n\n\n<p>Det komfortable setesettet &#8216;skjuler&#8217; en 1,20 m bred seng.<br>Fra stuen er det direkte utgang til den ca. 40 kvm store terrassen.<\/p>\n\n\n\n<p>Den&nbsp;<strong>Badet<\/strong>&nbsp;har fliser p\u00e5 gulv med varmekabler og inneholder en stor dusj, toalett og vask med blandebatteri.<\/p>\n\n\n\n<p><strong>Ytterligere utstyr:<\/strong><\/p>\n\n\n\n<p>St\u00f8vsuger, satellitt-TV, terrasse, hagem\u00f8bler, grill, gressklipper.&nbsp;Flere parkeringsplasser p\u00e5 eiendommen.<\/p>\n","protected":false},"excerpt":{"rendered":"<p>Beliggenhet V\u00e5r &#8216;Hytte&#8217; ligger sentralt i Telemark ca. 3 km fra Seljord kommune og i [&hellip;]<\/p>\n","protected":false},"author":1,"featured_media":0,"parent":0,"menu_order":0,"comment_status":"closed","ping_status":"closed","template":"","meta":{"footnotes":""},"class_list":["post-766","page","type-page","status-publish","hentry"],"translation":{"provider":"WPGlobus","version":"3.0.0","language":"gb","enabled_languages":["no","de","gb","pl"],"languages":{"no":{"title":true,"content":true,"excerpt":false},"de":{"title":true,"content":true,"excerpt":false},"gb":{"title":false,"content":false,"excerpt":false},"pl":{"title":false,"content":false,"excerpt":false}}},"_links":{"self":[{"href":"https:\/\/hytteferie.eu\/gb\/wp-json\/wp\/v2\/pages\/766","targetHints":{"allow":["GET"]}}],"collection":[{"href":"https:\/\/hytteferie.eu\/gb\/wp-json\/wp\/v2\/pages"}],"about":[{"href":"https:\/\/hytteferie.eu\/gb\/wp-json\/wp\/v2\/types\/page"}],"author":[{"embeddable":true,"href":"https:\/\/hytteferie.eu\/gb\/wp-json\/wp\/v2\/users\/1"}],"replies":[{"embeddable":true,"href":"https:\/\/hytteferie.eu\/gb\/wp-json\/wp\/v2\/comments?post=766"}],"version-history":[{"count":6,"href":"https:\/\/hytteferie.eu\/gb\/wp-json\/wp\/v2\/pages\/766\/revisions"}],"predecessor-version":[{"id":1324,"href":"https:\/\/hytteferie.eu\/gb\/wp-json\/wp\/v2\/pages\/766\/revisions\/1324"}],"wp:attachment":[{"href":"https:\/\/hytteferie.eu\/gb\/wp-json\/wp\/v2\/media?parent=766"}],"curies":[{"name":"wp","href":"https:\/\/api.w.org\/{rel}","templated":true}]}}