{"id":776,"date":"2020-10-24T02:01:21","date_gmt":"2020-10-24T02:01:21","guid":{"rendered":"http:\/\/wordpress.p563605.webspaceconfig.de\/?page_id=776"},"modified":"2022-07-19T20:46:22","modified_gmt":"2022-07-19T18:46:22","slug":"umgebung-und-sehenwurdigkeiten","status":"publish","type":"page","link":"https:\/\/hytteferie.eu\/gb\/umgebung-und-sehenwurdigkeiten\/","title":{"rendered":"Milj\u00f8 og Severdigheter"},"content":{"rendered":"\n<h2 class=\"wp-block-heading\">Seljord<\/h2>\n\n\n\n<p>Seljord er en norsk landsby (kommune) i Telemark-regionen i Fylke Vestfold og Telemark med 2888 innbyggere.&nbsp;Seljord ligger sentralt i Telemark i den nordlige enden av&nbsp;<a href=\"https:\/\/de.wikipedia.org\/wiki\/Seljordsvatn\" target=\"_blank\" rel=\"noreferrer noopener\">Seljordsvatn.<\/a>&nbsp;<\/p>\n\n\n\n<p>Seljord ble grunnlagt 1. januar 1838.<\/p>\n\n\n\n<p>Seljord er spesielt beleilig plassert for \u00e5 utforske Telemark.&nbsp;Tross alt er Seljord p\u00e5 den viktigste forbindelsen mellom Oslofjorden og Atlanterhavet og mellom s\u00f8rkysten av Norge og Oslo.&nbsp;Er et samfunn med et bredt utvalg av butikker, flere restauranter, 1 bibliotek, flere kafeer, 2 bensinstasjoner, og en omfattende administrasjon i administrasjonsomr\u00e5det Vestfold og Telemark i Norge.&nbsp;Finn ut mer om Seljord og de omkringliggende samfunnene samt Telemark, inkludert interessante arrangementer p\u00e5 engelsk, p\u00e5 nettstedet&nbsp;<a href=\"https:\/\/www.visittelemark.com\/information\/product-catch-all\/seljord-p559383\" target=\"_blank\" rel=\"noreferrer noopener\">Visit Telemark<\/a>&nbsp;.<\/p>\n\n\n\n<p>Spesielt bemerkelsesverdig er det meget vakre historiske&nbsp;<a href=\"https:\/\/www.seljordhotel.no\/deutsch\/\" target=\"_blank\" rel=\"noreferrer noopener\">Seljord Hotell<\/a>&nbsp;i en attraktiv sveitserstil med en veldig god \u00e0 la carte-restaurant.<\/p>\n\n\n\n<p>Det er ogs\u00e5 verdt \u00e5 se den hvite&nbsp;<a href=\"http:\/\/www.seljordkyrkje.no\/\" target=\"_blank\" rel=\"noreferrer noopener\">Seljord-kirken<\/a>&nbsp;fra 1100-tallet.<\/p>\n\n\n\n<p>Sist men ikke minst er Seljord ogs\u00e5 kjent for Selma.&nbsp;<a href=\"http:\/\/de.wikipedia.org\/wiki\/Selma_(Seeungeheuer)\" target=\"_blank\" rel=\"noreferrer noopener\">Selma<\/a>&nbsp;er navnet p\u00e5 et slangeliknende sj\u00f8monster som antas \u00e5 bo i Seljordsvatn, Norge.&nbsp;Selma skal ha blitt sett for f\u00f8rste gang sommeren 1750.&nbsp;Imidlertid er det ingen bevis for dets eksistens den dag i dag (ligner p\u00e5 det skotske innsj\u00f8monsteret Nessie i Lake Loch Ness).<\/p>\n\n\n\n<p><a rel=\"noreferrer noopener\" href=\"http:\/\/dyrskun.no\/\" target=\"_blank\">Dyrsku&#8217;n<\/a> Den st\u00f8rste begivenheten i Telemark finner alltid sted i september i Seljord.&nbsp;I 150 \u00e5r har Seljord \u00f8nsket mange gjester velkommen til Norges st\u00f8rste handels- og landbruksmesse p\u00e5 Dyrskupklass-omr\u00e5det.&nbsp;De siste \u00e5rene har det v\u00e6rt rundt 200 000 bes\u00f8kende. <\/p>\n\n\n\n<p><em>Dessverre fant hendelsen ikke sted i 2020 p\u00e5 grunn av koronapandemien<\/em>&nbsp;.&nbsp;For 2021 er det planlagt for perioden 10. til 12. september 2021.<\/p>\n\n\n\n<p>Om sommeren er det mange andre arrangementer p\u00e5 Dyrskup Klassen i Seljord.<\/p>\n\n\n\n<h3 class=\"wp-block-heading\">Natur<\/h3>\n\n\n\n<p>Hoveddalene Flatdal med \u00c5motsdal og den trange Kivledal med Sundsbarmvatn renner begge i den vestre enden av Seljordsvatn.&nbsp;Mellom disse dalene ligger Skorve-fjellet (1.370m).&nbsp;Det h\u00f8yeste fjellet i kommunen er Brattefjell (1 540 m) i nord.<\/p>\n\n\n\n<h3 class=\"wp-block-heading\">Historie<\/h3>\n\n\n\n<p>Et&nbsp;<a href=\"https:\/\/de.wikipedia.org\/wiki\/Trojaburg\" target=\"_blank\" rel=\"noreferrer noopener\">Troy-<\/a>&nbsp;slott er&nbsp;&nbsp;malt&nbsp;p\u00e5 den vestlige fasaden av kirken fra det 10. \u00e5rhundre&nbsp;<a href=\"https:\/\/de.wikipedia.org\/wiki\/Trojaburg\" target=\"_blank\" rel=\"noreferrer noopener\">n\u00e6r<\/a>&nbsp;inngangen&nbsp;&nbsp;.&nbsp;Foran kirken er det en skulptur av Anne Grimsdalen som&nbsp;&nbsp;viser&nbsp;presten&nbsp;&nbsp;<a href=\"https:\/\/de.wikipedia.org\/wiki\/Magnus_Brostrup_Landstad\" target=\"_blank\" rel=\"noreferrer noopener\">Magnus Brostrup Landstad<\/a>&nbsp;, som var prest i Seljord fra 1840 til 1848.&nbsp;Det er ogs\u00e5 en stein med en vekt p\u00e5 570 kg, som \u201cSterke-Nils\u201d (Nils Olsson Langedal, 1772\u20131800) skal ha l\u00f8ftet.<\/p>\n\n\n\n<p>Flatdal&nbsp;&nbsp;<a href=\"https:\/\/de.wikipedia.org\/w\/index.php?title=Flatdal_Kirche&amp;action=edit&amp;redlink=1\" target=\"_blank\" rel=\"noreferrer noopener\">kirke<\/a>&nbsp;&nbsp;fra 1654, i tillegg til Nutheim vertshus og malerskole ligger i Flatdal.<\/p>\n\n\n\n<p>I 1944 kolliderte en Junkers&nbsp;&nbsp;med et fjell&nbsp;p\u00e5&nbsp;<a href=\"https:\/\/de.wikipedia.org\/wiki\/Deutsche-Lufthansa-Flug_7\" target=\"_blank\" rel=\"noreferrer noopener\">Deutsche Lufthansa Flight 7 i<\/a>&nbsp;n\u00e6rheten&nbsp;&nbsp;, og drepte alle de 15 beboerne.<\/p>\n\n\n\n<p>I sentrum av Seljord er det mange skulpturer og et minnesmerke over amerikanske soldater som falt p\u00e5 Skorve i 1944.&nbsp;Kommunen ble k\u00e5ret til \u00e5rets Nynorskommune i 2010 fordi den blant annet tilbyr god spr\u00e5kutvikling for barn.<\/p>\n\n\n\n<h2 class=\"wp-block-heading\">Telemark<\/h2>\n\n\n\n<p>Telemark, som tilh\u00f8rer til Fylke (norsk for distrikt eller land), blir av mange sett p\u00e5 som en miniatyrversjon av Norge (\u00abNorge i et n\u00f8tteskall\u00bb)<\/p>\n\n\n\n<p>Dette omr\u00e5det er en av de vakreste landskapsregionene i S\u00f8r-Norge. Siden 2020 har den forrige Fylke Telemark og Vestfold blitt sl\u00e5tt sammen til en Fylke&nbsp;<em>Vestfold og<\/em>&nbsp;(og)&nbsp;<em>Telemark<\/em>.<\/p>\n\n\n\n<p>En b\u00e5ttur gjennom&nbsp;<a href=\"https:\/\/www.telemarkcanal.com\/\" target=\"_blank\" rel=\"noreferrer noopener\">Telemarkskanalen<\/a>&nbsp;, som ble&nbsp;bygget p\u00e5 1800-tallet&nbsp;og f\u00f8rer fra Dalen til Skien,&nbsp;er spesielt verdt det og fremdeles er ansett som et teknisk mesterverk p\u00e5 grunn av sine mange sluser.<\/p>\n\n\n\n<p>En brygge i Kviteseid ligger bare 16 km fra Seljord.<\/p>\n","protected":false},"excerpt":{"rendered":"<p>Seljord Seljord er en norsk landsby (kommune) i Telemark-regionen i Fylke Vestfold og Telemark med [&hellip;]<\/p>\n","protected":false},"author":1,"featured_media":0,"parent":0,"menu_order":0,"comment_status":"closed","ping_status":"closed","template":"","meta":{"footnotes":""},"class_list":["post-776","page","type-page","status-publish","hentry"],"translation":{"provider":"WPGlobus","version":"3.0.0","language":"gb","enabled_languages":["no","de","gb","pl"],"languages":{"no":{"title":true,"content":true,"excerpt":false},"de":{"title":true,"content":true,"excerpt":false},"gb":{"title":false,"content":false,"excerpt":false},"pl":{"title":false,"content":false,"excerpt":false}}},"_links":{"self":[{"href":"https:\/\/hytteferie.eu\/gb\/wp-json\/wp\/v2\/pages\/776","targetHints":{"allow":["GET"]}}],"collection":[{"href":"https:\/\/hytteferie.eu\/gb\/wp-json\/wp\/v2\/pages"}],"about":[{"href":"https:\/\/hytteferie.eu\/gb\/wp-json\/wp\/v2\/types\/page"}],"author":[{"embeddable":true,"href":"https:\/\/hytteferie.eu\/gb\/wp-json\/wp\/v2\/users\/1"}],"replies":[{"embeddable":true,"href":"https:\/\/hytteferie.eu\/gb\/wp-json\/wp\/v2\/comments?post=776"}],"version-history":[{"count":11,"href":"https:\/\/hytteferie.eu\/gb\/wp-json\/wp\/v2\/pages\/776\/revisions"}],"predecessor-version":[{"id":1118,"href":"https:\/\/hytteferie.eu\/gb\/wp-json\/wp\/v2\/pages\/776\/revisions\/1118"}],"wp:attachment":[{"href":"https:\/\/hytteferie.eu\/gb\/wp-json\/wp\/v2\/media?parent=776"}],"curies":[{"name":"wp","href":"https:\/\/api.w.org\/{rel}","templated":true}]}}