{"id":36,"date":"2021-01-06T14:23:05","date_gmt":"2021-01-06T12:23:05","guid":{"rendered":"http:\/\/wordpress.p563605.webspaceconfig.de\/?page_id=36"},"modified":"2023-09-07T15:33:43","modified_gmt":"2023-09-07T13:33:43","slug":"startseite","status":"publish","type":"page","link":"https:\/\/hytteferie.eu\/pl\/","title":{"rendered":"Hytteferie ved Seljordvatnet"},"content":{"rendered":"\n\n\n\n<h2 class=\"wp-block-heading has-text-align-center has-black-color has-text-color\" style=\"font-style:normal;font-weight:500\">Velkommen til v\u00e5rt feriehus ved Seljordsvatnet.<\/h2>\n\n\n\n<p class=\"has-text-align-center has-vivid-red-color has-pale-cyan-blue-background-color has-text-color has-background\" style=\"font-size:17px\">Denne siden er fortsatt under konstruksjon! Det er forel\u00f8pig ikke mulig \u00e5 bestille via bookingsiden. For bestillingsforesp\u00f8rsler, <strong>vennligst send oss \u200b\u200ben e-post<\/strong> til <strong>post@hytteferie.eu<\/strong> med ditt e-postprogram og ikke via kontaktskjemaet her. En prisoversikt finner du under &#8220;<a href=\"https:\/\/hytteferie.eu\/saison-und-preise\">Sesong og Prise<\/a>r&#8221;.<\/p>\n\n\n\n<p>V\u00e5rt individuelle, typiske norske feriehus ligger p\u00e5 en av de vakreste landomr\u00e5dene i Telemark med direkte tilgang til Seljordvatnet via en strandstreng som tilh\u00f8rer eiendommen.<\/p>\n\n\n\n<p>F\u00f8ler at du er i et nordisk paradis;&nbsp;slapp av i de vakreste naturlige omgivelsene p\u00e5 en rolig tomt p\u00e5 mer enn 3000 kvadratmeter.<\/p>\n\n\n\n<figure class=\"wp-block-image size-large\"><a href=\"https:\/\/hytteferie.eu\/wp-content\/uploads\/2022\/08\/K1_P0604_DxO_DxO-scaled.jpg\" rel=\"lightbox[36]\"><img loading=\"lazy\" decoding=\"async\" width=\"1024\" height=\"683\" src=\"https:\/\/hytteferie.eu\/wp-content\/uploads\/2022\/08\/K1_P0604_DxO_DxO-1024x683.jpg\" alt=\"\" class=\"wp-image-1293\" srcset=\"https:\/\/hytteferie.eu\/wp-content\/uploads\/2022\/08\/K1_P0604_DxO_DxO-1024x683.jpg 1024w, https:\/\/hytteferie.eu\/wp-content\/uploads\/2022\/08\/K1_P0604_DxO_DxO-300x200.jpg 300w, https:\/\/hytteferie.eu\/wp-content\/uploads\/2022\/08\/K1_P0604_DxO_DxO-768x512.jpg 768w, https:\/\/hytteferie.eu\/wp-content\/uploads\/2022\/08\/K1_P0604_DxO_DxO-1536x1025.jpg 1536w, https:\/\/hytteferie.eu\/wp-content\/uploads\/2022\/08\/K1_P0604_DxO_DxO-2048x1367.jpg 2048w\" sizes=\"auto, (max-width: 1024px) 100vw, 1024px\" \/><\/a><\/figure>\n\n\n\n<p>Nyt utsikten over innsj\u00f8en.<\/p>\n\n\n\n<figure class=\"wp-block-image size-large\"><a href=\"https:\/\/hytteferie.eu\/wp-content\/uploads\/2022\/08\/K_54822_DxO-scaled.jpg\" rel=\"lightbox[36]\"><img loading=\"lazy\" decoding=\"async\" width=\"1024\" height=\"678\" src=\"https:\/\/hytteferie.eu\/wp-content\/uploads\/2022\/08\/K_54822_DxO-1024x678.jpg\" alt=\"\" class=\"wp-image-1291\" srcset=\"https:\/\/hytteferie.eu\/wp-content\/uploads\/2022\/08\/K_54822_DxO-1024x678.jpg 1024w, https:\/\/hytteferie.eu\/wp-content\/uploads\/2022\/08\/K_54822_DxO-300x199.jpg 300w, https:\/\/hytteferie.eu\/wp-content\/uploads\/2022\/08\/K_54822_DxO-768x509.jpg 768w, https:\/\/hytteferie.eu\/wp-content\/uploads\/2022\/08\/K_54822_DxO-1536x1017.jpg 1536w, https:\/\/hytteferie.eu\/wp-content\/uploads\/2022\/08\/K_54822_DxO-2048x1356.jpg 2048w\" sizes=\"auto, (max-width: 1024px) 100vw, 1024px\" \/><\/a><\/figure>\n\n\n\n<p>Sol deg p\u00e5 terrassen &#8230;<\/p>\n\n\n\n<figure class=\"wp-block-image size-large\"><a href=\"https:\/\/hytteferie.eu\/wp-content\/uploads\/2022\/08\/IMG_2604_DxO-scaled.jpg\" rel=\"lightbox[36]\"><img loading=\"lazy\" decoding=\"async\" width=\"1024\" height=\"768\" src=\"https:\/\/hytteferie.eu\/wp-content\/uploads\/2022\/08\/IMG_2604_DxO-1024x768.jpg\" alt=\"\" class=\"wp-image-1298\" srcset=\"https:\/\/hytteferie.eu\/wp-content\/uploads\/2022\/08\/IMG_2604_DxO-1024x768.jpg 1024w, https:\/\/hytteferie.eu\/wp-content\/uploads\/2022\/08\/IMG_2604_DxO-300x225.jpg 300w, https:\/\/hytteferie.eu\/wp-content\/uploads\/2022\/08\/IMG_2604_DxO-768x576.jpg 768w, https:\/\/hytteferie.eu\/wp-content\/uploads\/2022\/08\/IMG_2604_DxO-1536x1152.jpg 1536w, https:\/\/hytteferie.eu\/wp-content\/uploads\/2022\/08\/IMG_2604_DxO-2048x1536.jpg 2048w\" sizes=\"auto, (max-width: 1024px) 100vw, 1024px\" \/><\/a><\/figure>\n\n\n\n<p>&#8230; dra nytte av de vanlige sommertemperaturene p\u00e5 over 20 \u00b0 C for \u00e5 sv\u00f8mme i den krystallklare innsj\u00f8en Seljordvatn eller&#8230; <\/p>\n\n\n\n<figure class=\"wp-block-image size-large is-style-default\"><a href=\"https:\/\/hytteferie.eu\/wp-content\/uploads\/2022\/08\/K_5_4396_edit_DxO-scaled.jpg\" rel=\"lightbox[36]\"><img loading=\"lazy\" decoding=\"async\" width=\"1024\" height=\"678\" src=\"https:\/\/hytteferie.eu\/wp-content\/uploads\/2022\/08\/K_5_4396_edit_DxO-1024x678.jpg\" alt=\"\" class=\"wp-image-1292\" srcset=\"https:\/\/hytteferie.eu\/wp-content\/uploads\/2022\/08\/K_5_4396_edit_DxO-1024x678.jpg 1024w, https:\/\/hytteferie.eu\/wp-content\/uploads\/2022\/08\/K_5_4396_edit_DxO-300x199.jpg 300w, https:\/\/hytteferie.eu\/wp-content\/uploads\/2022\/08\/K_5_4396_edit_DxO-768x509.jpg 768w, https:\/\/hytteferie.eu\/wp-content\/uploads\/2022\/08\/K_5_4396_edit_DxO-1536x1017.jpg 1536w, https:\/\/hytteferie.eu\/wp-content\/uploads\/2022\/08\/K_5_4396_edit_DxO-2048x1356.jpg 2048w\" sizes=\"auto, (max-width: 1024px) 100vw, 1024px\" \/><\/a><\/figure>\n\n\n\n<p>&#8230; \u00e5 sitte p\u00e5 en liten treterrasse (&#8220;h\u00f8ysetet&#8221;) litt over den 27 meter lange private stranden under store furutr\u00e6r.<\/p>\n\n\n\n<figure class=\"wp-block-image size-large\"><a href=\"https:\/\/hytteferie.eu\/wp-content\/uploads\/2022\/08\/K_5_4393-scaled.jpg\" rel=\"lightbox[36]\"><img loading=\"lazy\" decoding=\"async\" width=\"1024\" height=\"678\" src=\"https:\/\/hytteferie.eu\/wp-content\/uploads\/2022\/08\/K_5_4393-1024x678.jpg\" alt=\"\" class=\"wp-image-1299\" srcset=\"https:\/\/hytteferie.eu\/wp-content\/uploads\/2022\/08\/K_5_4393-1024x678.jpg 1024w, https:\/\/hytteferie.eu\/wp-content\/uploads\/2022\/08\/K_5_4393-300x199.jpg 300w, https:\/\/hytteferie.eu\/wp-content\/uploads\/2022\/08\/K_5_4393-768x509.jpg 768w, https:\/\/hytteferie.eu\/wp-content\/uploads\/2022\/08\/K_5_4393-1536x1017.jpg 1536w, https:\/\/hytteferie.eu\/wp-content\/uploads\/2022\/08\/K_5_4393-2048x1356.jpg 2048w\" sizes=\"auto, (max-width: 1024px) 100vw, 1024px\" \/><\/a><\/figure>\n\n\n\n<p><\/p>\n","protected":false},"excerpt":{"rendered":"<p>Velkommen til v\u00e5rt feriehus ved Seljordsvatnet. Denne siden er fortsatt under konstruksjon! Det er forel\u00f8pig [&hellip;]<\/p>\n","protected":false},"author":6,"featured_media":0,"parent":0,"menu_order":0,"comment_status":"open","ping_status":"closed","template":"","meta":{"footnotes":""},"class_list":["post-36","page","type-page","status-publish","hentry"],"translation":{"provider":"WPGlobus","version":"3.0.0","language":"pl","enabled_languages":["no","de","gb","pl"],"languages":{"no":{"title":true,"content":true,"excerpt":false},"de":{"title":true,"content":true,"excerpt":false},"gb":{"title":true,"content":true,"excerpt":false},"pl":{"title":false,"content":false,"excerpt":false}}},"_links":{"self":[{"href":"https:\/\/hytteferie.eu\/pl\/wp-json\/wp\/v2\/pages\/36","targetHints":{"allow":["GET"]}}],"collection":[{"href":"https:\/\/hytteferie.eu\/pl\/wp-json\/wp\/v2\/pages"}],"about":[{"href":"https:\/\/hytteferie.eu\/pl\/wp-json\/wp\/v2\/types\/page"}],"author":[{"embeddable":true,"href":"https:\/\/hytteferie.eu\/pl\/wp-json\/wp\/v2\/users\/6"}],"replies":[{"embeddable":true,"href":"https:\/\/hytteferie.eu\/pl\/wp-json\/wp\/v2\/comments?post=36"}],"version-history":[{"count":111,"href":"https:\/\/hytteferie.eu\/pl\/wp-json\/wp\/v2\/pages\/36\/revisions"}],"predecessor-version":[{"id":1483,"href":"https:\/\/hytteferie.eu\/pl\/wp-json\/wp\/v2\/pages\/36\/revisions\/1483"}],"wp:attachment":[{"href":"https:\/\/hytteferie.eu\/pl\/wp-json\/wp\/v2\/media?parent=36"}],"curies":[{"name":"wp","href":"https:\/\/api.w.org\/{rel}","templated":true}]}}